{"id":4719,"date":"2021-08-05T20:53:21","date_gmt":"2021-08-06T02:53:21","guid":{"rendered":"https:\/\/vvconsultings.com\/?page_id=4719"},"modified":"2023-09-15T18:53:51","modified_gmt":"2023-09-16T00:53:51","slug":"nosotros","status":"publish","type":"page","link":"https:\/\/vvconsultings.com\/en\/nosotros\/","title":{"rendered":"About Us"},"content":{"rendered":"<div class=\"twitter-share\"><a href=\"https:\/\/twitter.com\/intent\/tweet?via=vvconsultings\" class=\"twitter-share-button\">Tweet<\/a><\/div>\n<section data-custom-animations=\"true\" data-ca-options='{\"triggerHandler\":\"inview\",\"animationTarget\":\".wpb_column\",\"duration\":\"1200\",\"delay\":100,\"easing\":\"easeOutQuint\",\"direction\":\"forward\",\"initValues\":{\"translateY\":57,\"translateZ\":-179,\"rotateX\":-74},\"animations\":{\"translateY\":0,\"translateZ\":0,\"rotateX\":0}}' data-parallax=\"true\" data-parallax-options='{\"parallaxBG\":true}' data-bg-image=\"url\" class=\"vc_row wpb_row vc_row-fluid vc_custom_1628223958994 row-contains-padding-top row-contains-padding-bottom liquid-row-shadowbox-69d08ff708821 vc_row-has-fill vc_row-has-bg\"><div class=\"ld-container container\"><div class=\"row ld-row\"><div class=\"wpb_column vc_column_container vc_col-sm-12 vc_col-md-offset-2 vc_col-md-8 liquid-column-69d08ff708f2b\"><div class=\"vc_column-inner\"><div class=\"wpb_wrapper vc_custom_1628220946354\"   ><div class=\"wpb_wrapper-inner\"><style>.ld_fancy_heading_69d08ff7090a9 .lqd-highlight-inner{height:0.275em;bottom:0px;}<\/style><div class=\"ld-fancy-heading ld_fancy_heading_69d08ff7090a9\">\r\n\t<h1 class=\"lqd-highlight-underline lqd-highlight-grow-left\" ><span class=\"ld-fh-txt\"> <span style=\"color: #ffffff\">Together we create value. <\/span><span style=\"color: #ffffff\"><em><span style=\"color: #218188\">V&amp;V.<\/span><\/em><\/span><\/span><\/h1><\/div><\/div><\/div><\/div><\/div><\/div><\/div><\/section><section data-custom-animations=\"true\" data-ca-options='{\"triggerHandler\":\"inview\",\"animationTarget\":\".wpb_column\",\"duration\":\"1200\",\"delay\":\"160\",\"easing\":\"easeOutQuint\",\"direction\":\"forward\",\"initValues\":{\"translateX\":-38},\"animations\":{\"translateX\":0}}' data-bg-image=\"url\" class=\"vc_row wpb_row vc_row-fluid vc_custom_1628266451646 row-contains-padding-top row-contains-padding-bottom liquid-row-shadowbox-69d08ff70b0db vc_row-has-fill vc_row-has-bg\"><div class=\"ld-container container\"><div class=\"row ld-row\"><div class=\"wpb_column vc_column_container vc_col-sm-8 liquid-column-69d08ff70b5e4\"><div class=\"vc_column-inner\"><div class=\"wpb_wrapper\"   ><div class=\"wpb_wrapper-inner\"><style>.ld_icon_box_69d08ff70b814 .iconbox-icon-container{width:55px !important;height:55px !important;border-radius:px;}.ld_icon_box_69d08ff70b814 h3{margin-bottom:px;}<\/style>\r\n<div class=\"iconbox iconbox-side iconbox-circle iconbox-heading-md iconbox-icon-image ld_icon_box_69d08ff70b814\" id=\"ld_icon_box_69d08ff70b814\"   >\r\n\t\r\n\t\t<div class=\"iconbox-icon-wrap\"><span class=\"iconbox-icon-container\"><img decoding=\"async\" src=\"https:\/\/vvconsultings.com\/wp-content\/uploads\/2021\/07\/ultimo-logo-sin-fondo-copy-blanco2.png\" class=\"liquid-image-icon\" \/><\/span><\/div><!-- \/.iconbox-icon-wrap -->\t\r\n\t\t\r\n\t<div class=\"contents\">\t\r\n\t<h3>About Us<\/h3>\t<h6>We are a consulting firm whose main objective is to advise companies and investors and provide them with tools to increase their competitiveness and profitability.<\/h6>\n\t\t\r\n\t<\/div>\t\r\n\t\r\n<\/div>\r\n<\/div><\/div><\/div><\/div><div class=\"wpb_column vc_column_container vc_col-sm-4 liquid-column-69d08ff70d6e2\"><div class=\"vc_column-inner\"><div class=\"wpb_wrapper\"   ><div class=\"wpb_wrapper-inner\"><div  class=\"vc_wp_search wpb_content_element\"><div class=\"widget widget_search\"><form role=\"search\" method=\"get\" class=\"search-form\" action=\"https:\/\/vvconsultings.com\/en\/\" data-trp-original-action=\"https:\/\/vvconsultings.com\/en\/\">\n\t\t\t\t<label>\n\t\t\t\t\t<span class=\"screen-reader-text\">Search for:<\/span>\n\t\t\t\t\t<input type=\"search\" class=\"search-field\" placeholder=\"Search &hellip;\" value=\"\" name=\"s\" \/>\n\t\t\t\t<\/label>\n\t\t\t\t<input type=\"submit\" class=\"search-submit\" value=\"Search\" \/>\n\t\t\t<input type=\"hidden\" name=\"trp-form-language\" value=\"en\"\/><\/form><\/div><\/div><\/div><\/div><\/div><\/div><\/div><\/div><\/section><section data-bg-image=\"url\" class=\"vc_row wpb_row vc_row-fluid z-index-2 vc_custom_1694823356103 row-contains-padding-top row-contains-padding-bottom liquid-row-shadowbox-69d08ff70ddea vc_row-has-fill vc_row-has-bg vc_row-o-content-middle vc_row-flex\"><div class=\"ld-container container\"><div class=\"row ld-row\"><div class=\"wpb_column vc_column_container vc_col-sm-12 vc_col-lg-6 liquid-column-69d08ff70e2b3\"><div class=\"vc_column-inner\"><div class=\"wpb_wrapper vc_custom_1545116567023\"  data-custom-animations=\"true\" data-ca-options='{\"triggerHandler\":\"inview\",\"animationTarget\":\"all-childs\",\"duration\":\"1200\",\"delay\":\"150\",\"easing\":\"easeOutQuint\",\"direction\":\"forward\",\"initValues\":{\"translateY\":52,\"opacity\":0},\"animations\":{\"translateY\":0,\"opacity\":1}}' ><div class=\"wpb_wrapper-inner\"><style>.ld_fancy_heading_69d08ff70e485 h2{font-size:38px;line-height:1.342em;}.ld_fancy_heading_69d08ff70e485 h2 {margin-bottom:30px !important;  } .ld_fancy_heading_69d08ff70e485 .lqd-highlight-inner{height:0.275em;bottom:0px;}.ld_fancy_heading_69d08ff70e485 h2 {margin-bottom:30px !important;  } <\/style><div class=\"ld-fancy-heading mask-text ld_fancy_heading_69d08ff70e485\">\r\n\t<h2 class=\"lqd-highlight-underline lqd-highlight-grow-left\" data-split-text=\"true\" data-custom-animations=\"true\" data-ca-options='{\"triggerHandler\":\"inview\",\"animationTarget\":\".lqd-lines .split-inner\",\"duration\":700,\"delay\":100,\"easing\":\"easeOutQuint\",\"direction\":\"forward\",\"initValues\":{\"scale\":1},\"animations\":{\"scale\":1}}' data-split-options='{\"type\":\"lines\"}' data-text-rotator=\"true\"><span class=\"ld-fh-txt\"> V&amp;V Consulting Group <span class=\"txt-rotate-keywords\"><span class=\"keyword active\" >Advisories to Boards of Directors<\/span><span class=\"keyword\" >Competitive Strategy<\/span><span class=\"keyword\" >Finance<\/span><span class=\"keyword\" >Business Intelligence<\/span><span class=\"keyword\" >Digital Transformation<\/span><span class=\"keyword\" >Seminarios &amp; Webinars<\/span><\/span><!-- \/.txt-rotate-keywords --><\/span><\/h2><\/div><style>.vc_accordion_69d08ff70f908 .accordion-title{font-size:17px;line-height:1.5em;}.vc_accordion_69d08ff70f908 .accordion-title a{color:rgb(11, 50, 67);}.vc_accordion_69d08ff70f908 .active .accordion-title a{color:rgb(32, 119, 128);}.vc_accordion_69d08ff70f908 .accordion-title a, .vc_accordion_69d08ff70f908 .accordion-item{border-color:rgba(0, 0, 0, 0.1);}<\/style><div class=\"accordion accordion-md accordion-title-underlined accordion-expander-left vc_accordion_69d08ff70f908\" id=\"vc_accordion_69d08ff70f908\" role=\"tablist\" aria-multiselectable=\"true\">\r\n\r\n\t<div class=\"accordion-item panel  active\">\r\n\r\n\t\t<div class=\"accordion-heading\" role=\"tab\" id=\"heading_1524037146865-4ae7bf0d-d90cea98-fa674ec5-610e\">\r\n\t\t\t<h4 class=\"accordion-title\">\r\n\t\t\t\t<a class=\"\" data-toggle=\"collapse\" data-parent=\"#vc_accordion_69d08ff70f908\" href=\"#1524037146865-4ae7bf0d-d90cea98-fa674ec5-610e\" aria-expanded=\"true\" aria-controls=\"1524037146865-4ae7bf0d-d90cea98-fa674ec5-610e\">\r\n\t\t\t\t\t\r\n\t\t\t\t\t\r\n\t\t\t\t\tMission\r\n\t\t\t\t\t\t\t\t\t\t<span class=\"accordion-expander\">\r\n\t\t\t\t\t\t<i class=\"fa fa-angle-down\"><\/i>\r\n\t\t\t\t\t\t<i class=\"fa fa-angle-up\"><\/i>\r\n\t\t\t\t\t<\/span>\r\n\t\t\t\t\t\r\n\t\t\t\t<\/a>\r\n\t\t\t\t\r\n\t\t\t<\/h4>\r\n\t\t<\/div>\r\n\r\n\t\t<div id=\"1524037146865-4ae7bf0d-d90cea98-fa674ec5-610e\" class=\"accordion-collapse collapse in\" role=\"tabpanel\" aria-labelledby=\"heading_1524037146865-4ae7bf0d-d90cea98-fa674ec5-610e\">\r\n\t\t\t<div class=\"accordion-content\">\r\n\t\t\t\n\t<div class=\"wpb_text_column wpb_content_element\" >\n\t\t<div class=\"wpb_wrapper\">\n\t\t\t<p>V&amp;V Consulting Group is an organization that specializes in creating value through consulting and training services for companies and advising investors through innovative solutions focused on strategy, finance, business intelligence and digital transformation.<\/p>\n\n\t\t<\/div>\n\t<\/div>\n\n\t\t\t<\/div>\r\n\t\t<\/div>\r\n\t<\/div>\r\n\t<div class=\"accordion-item panel\">\r\n\r\n\t\t<div class=\"accordion-heading\" role=\"tab\" id=\"heading_1524037146878-0c65e600-2207ea98-fa674ec5-610e\">\r\n\t\t\t<h4 class=\"accordion-title\">\r\n\t\t\t\t<a class=\"collapsed\" data-toggle=\"collapse\" data-parent=\"#vc_accordion_69d08ff70f908\" href=\"#1524037146878-0c65e600-2207ea98-fa674ec5-610e\" aria-expanded=\"false\" aria-controls=\"1524037146878-0c65e600-2207ea98-fa674ec5-610e\">\r\n\t\t\t\t\t\r\n\t\t\t\t\t\r\n\t\t\t\t\tVision\r\n\t\t\t\t\t\t\t\t\t\t<span class=\"accordion-expander\">\r\n\t\t\t\t\t\t<i class=\"fa fa-angle-down\"><\/i>\r\n\t\t\t\t\t\t<i class=\"fa fa-angle-up\"><\/i>\r\n\t\t\t\t\t<\/span>\r\n\t\t\t\t\t\r\n\t\t\t\t<\/a>\r\n\t\t\t\t\r\n\t\t\t<\/h4>\r\n\t\t<\/div>\r\n\r\n\t\t<div id=\"1524037146878-0c65e600-2207ea98-fa674ec5-610e\" class=\"accordion-collapse collapse\" role=\"tabpanel\" aria-labelledby=\"heading_1524037146878-0c65e600-2207ea98-fa674ec5-610e\">\r\n\t\t\t<div class=\"accordion-content\">\r\n\t\t\t\n\t<div class=\"wpb_text_column wpb_content_element\" >\n\t\t<div class=\"wpb_wrapper\">\n\t\t\t<p>To be a company recognized for achieving holistic business improvement and maximizing the profitability of the investors we serve through consulting, seminars and webinars.<\/p>\n\n\t\t<\/div>\n\t<\/div>\n\n\t\t\t<\/div>\r\n\t\t<\/div>\r\n\t<\/div>\r\n\t<div class=\"accordion-item panel\">\r\n\r\n\t\t<div class=\"accordion-heading\" role=\"tab\" id=\"heading_1524050854877-b09aea60-5782ea98-fa674ec5-610e\">\r\n\t\t\t<h4 class=\"accordion-title\">\r\n\t\t\t\t<a class=\"collapsed\" data-toggle=\"collapse\" data-parent=\"#vc_accordion_69d08ff70f908\" href=\"#1524050854877-b09aea60-5782ea98-fa674ec5-610e\" aria-expanded=\"false\" aria-controls=\"1524050854877-b09aea60-5782ea98-fa674ec5-610e\">\r\n\t\t\t\t\t\r\n\t\t\t\t\t\r\n\t\t\t\t\tValues\r\n\t\t\t\t\t\t\t\t\t\t<span class=\"accordion-expander\">\r\n\t\t\t\t\t\t<i class=\"fa fa-angle-down\"><\/i>\r\n\t\t\t\t\t\t<i class=\"fa fa-angle-up\"><\/i>\r\n\t\t\t\t\t<\/span>\r\n\t\t\t\t\t\r\n\t\t\t\t<\/a>\r\n\t\t\t\t\r\n\t\t\t<\/h4>\r\n\t\t<\/div>\r\n\r\n\t\t<div id=\"1524050854877-b09aea60-5782ea98-fa674ec5-610e\" class=\"accordion-collapse collapse\" role=\"tabpanel\" aria-labelledby=\"heading_1524050854877-b09aea60-5782ea98-fa674ec5-610e\">\r\n\t\t\t<div class=\"accordion-content\">\r\n\t\t\t\n\t<div class=\"wpb_text_column wpb_content_element\" >\n\t\t<div class=\"wpb_wrapper\">\n\t\t\t<p>We are a team that strives for continuous improvement in all areas of our organization based on four main pillars: Excellence, Innovation, Teamwork and Technology.<\/p>\n<p>Our goal is to combine talent, knowledge and experience in a way that allows us to serve with excellence, hand in hand with technology, to obtain innovative proposals and effective solutions, product of the teamwork of our collaborators.<\/p>\n\n\t\t<\/div>\n\t<\/div>\n\n\t\t\t<\/div>\r\n\t\t<\/div>\r\n\t<\/div>\r\n<\/div><\/div><\/div><\/div><\/div><div class=\"wpb_column vc_column_container vc_col-sm-12 vc_col-lg-offset-1 vc_col-lg-5 vc_col-md-6 liquid-column-69d08ff70fe87\"><div class=\"vc_column-inner\"><div class=\"wpb_wrapper\"   ><div class=\"wpb_wrapper-inner\"><div id=\"ld_images_group_container_69d08ff710004\" class=\"liquid-img-group-container ld_images_group_container_69d08ff710004\"  >\r\n\t<div class=\"liquid-img-group-inner\">\r\n\t\t<div id=\"ld_images_group_element_69d08ff710228\" class=\"liquid-img-group-single ld_images_group_element_69d08ff710228\" data-shadow-style=\"3\" data-roundness=\"6\" data-inview=\"true\" data-animate-shadow=\"true\">\r\n\t\r\n\t\t\r\n\t<div class=\"liquid-img-group-img-container\">\r\n\t\t\r\n\t\t\r\n\t\t\t\t\r\n\t\t\t\t<div class=\"liquid-img-container-inner\" data-parallax=\"true\" data-parallax-from='{\"translateX\":60}' data-parallax-to='{\"translateX\":0}' data-parallax-options='{\"overflowHidden\":false,\"easing\":\"linear\"}'>\r\n\t\t\t<figure ><img loading=\"lazy\" decoding=\"async\" width=\"2560\" height=\"2048\" src=\"data:image\/svg+xml;charset=utf-8,&lt;svg xmlns%3D&#039;http%3A%2F%2Fwww.w3.org%2F2000%2Fsvg&#039; viewBox%3D&#039;0 0 2560 2048&#039;%2F&gt;\" class=\"attachment-full size-full ld-lazyload\" alt=\"\" srcset=\"\" sizes=\"(max-width: 2560px) 100vw, 2560px\" data-src=\"https:\/\/vvconsultings.com\/wp-content\/uploads\/2023\/09\/VV-socios-scaled.jpg\" data-srcset=\"https:\/\/vvconsultings.com\/wp-content\/uploads\/2023\/09\/VV-socios-scaled.jpg 2560w, https:\/\/vvconsultings.com\/wp-content\/uploads\/2023\/09\/VV-socios-300x240.jpg 300w, https:\/\/vvconsultings.com\/wp-content\/uploads\/2023\/09\/VV-socios-1024x819.jpg 1024w, https:\/\/vvconsultings.com\/wp-content\/uploads\/2023\/09\/VV-socios-scaled-15x12.jpg 15w\" data-aspect=\"1.25\" \/><\/figure>\t\t\t\t\t<\/div><!-- \/.liquid-img-container-inner -->\r\n\t\t\r\n\t<\/div><!-- \/.liquid-img-group-content -->\r\n<\/div><!-- \/.liquid-img-group-single -->\n\t\r\n\t<\/div><!-- \/.liquid-img-group-inner -->\r\n<\/div><!-- \/.liquid-img-group-container --><\/div><\/div><\/div><\/div><\/div><\/div><\/section><section class=\"vc_row wpb_row vc_row-fluid liquid-row-shadowbox-69d08ff71a1d8\"><div class=\"ld-container container\"><div class=\"row ld-row\"><div class=\"wpb_column vc_column_container vc_col-sm-8 liquid-column-69d08ff71a6c0\"><div class=\"vc_column-inner\"><div class=\"wpb_wrapper\"   ><div class=\"wpb_wrapper-inner\"><style>.ld_icon_box_69d08ff71a836 .iconbox-icon-container{width:55px !important;height:55px !important;border-radius:px;}.ld_icon_box_69d08ff71a836 h3{margin-bottom:px;}<\/style>\r\n<div class=\"iconbox iconbox-side iconbox-circle iconbox-heading-md iconbox-icon-image ld_icon_box_69d08ff71a836\" id=\"ld_icon_box_69d08ff71a836\"   >\r\n\t\r\n\t\t<div class=\"iconbox-icon-wrap\"><span class=\"iconbox-icon-container\"><img decoding=\"async\" src=\"https:\/\/vvconsultings.com\/wp-content\/uploads\/2021\/07\/ultimo-logo-sin-fondo-copy-blanco2.png\" class=\"liquid-image-icon\" \/><\/span><\/div><!-- \/.iconbox-icon-wrap -->\t\r\n\t\t\r\n\t<div class=\"contents\">\t\r\n\t<h3>Nuestros socios<\/h3>\t<p>Nuestros socios cuentan con m\u00e1s de 30 a\u00f1os de experiencia en diferentes empresas nacionales y multinacionales, en sectores mayoristas, minoristas, negocios familiares, y pymes; con maestr\u00edas y certificaciones del INCAE Business School y el Instituto de Estudios Burs\u00e1tiles de Madrid, as\u00ed como tambi\u00e9n m\u00f3dulos, especializaciones y cursos en Wharton School (USA), London School of Economics, Babson College (USA) ,Cornell University (USA), CKGSB (China), \u00a0ESADE (Espa\u00f1a) y IESE de la Universidad de Navarra (Espa\u00f1a).<\/p>\n\t\t\r\n\t<\/div>\t\r\n\t\r\n<\/div>\r\n<\/div><\/div><\/div><\/div><div class=\"wpb_column vc_column_container vc_col-sm-4 liquid-column-69d08ff71be14\"><div class=\"vc_column-inner\"><div class=\"wpb_wrapper\"   ><div class=\"wpb_wrapper-inner\"><\/div><\/div><\/div><\/div><\/div><\/div><\/section><section class=\"vc_row wpb_row vc_row-fluid liquid-row-shadowbox-69d08ff71c180\"><div class=\"ld-container container\"><div class=\"row ld-row\"><div class=\"wpb_column vc_column_container vc_col-sm-6 liquid-column-69d08ff71c5b6\"><div class=\"vc_column-inner\"><div class=\"wpb_wrapper\"   ><div class=\"wpb_wrapper-inner\"><div id=\"ld_team_member_69d08ff71c6be\" class=\"ld-tm d-flex flex-column text-center ld_team_member_69d08ff71c6be\">\r\n\r\n\t<div class=\"ld-tm-img mb-3 text-center\"><figure><img loading=\"lazy\" decoding=\"async\" width=\"800\" height=\"800\" src=\"data:image\/svg+xml;charset=utf-8,&lt;svg xmlns%3D&#039;http%3A%2F%2Fwww.w3.org%2F2000%2Fsvg&#039; viewBox%3D&#039;0 0 800 800&#039;%2F&gt;\" class=\"circle ld-lazyload\" alt=\"\" srcset=\"\" sizes=\"(max-width: 800px) 100vw, 800px\" data-src=\"https:\/\/vvconsultings.com\/wp-content\/uploads\/2023\/09\/Marco-Vega-copia.jpg\" data-srcset=\"https:\/\/vvconsultings.com\/wp-content\/uploads\/2023\/09\/Marco-Vega-copia.jpg 800w, https:\/\/vvconsultings.com\/wp-content\/uploads\/2023\/09\/Marco-Vega-copia-300x300.jpg 300w, https:\/\/vvconsultings.com\/wp-content\/uploads\/2023\/09\/Marco-Vega-copia-150x150.jpg 150w, https:\/\/vvconsultings.com\/wp-content\/uploads\/2023\/09\/Marco-Vega-copia-12x12.jpg 12w\" data-aspect=\"1\" \/><\/figure><\/div>\r\n\t<div class=\"ld-tm-info\">\r\n\r\n\t\t<h3 class=\"ld-tm-name size-sm font-weight-semibold mb-3\">MBA Marco Vega Blanco<\/h3>\t\t<h6 class=\"ld-tm-pos text-uppercase ltr-sp-175 font-weight-bold mb-3 color-primary\">Socio director<\/h6>\t\t\t\t<ul class=\"ld-tm-social social-icon branded-text mt-3\"><li><a href=\"https:\/\/www.linkedin.com\/in\/marcovegab?lipi=urn%3Ali%3Apage%3Ad_flagship3_profile_view_base_contact_details%3B5aZKRgaVTIWYqzQeLp0lDw%3D%3D\"><i class=\"fa fa-linkedin\"><\/i><\/a><\/li><\/ul>\r\n\t<\/div><!-- \/.ld-tm-info -->\r\n\r\n<\/div><!-- \/.ld-team-member --><\/div><\/div><\/div><\/div><div class=\"wpb_column vc_column_container vc_col-sm-6 liquid-column-69d08ff722ed0\"><div class=\"vc_column-inner\"><div class=\"wpb_wrapper\"   ><div class=\"wpb_wrapper-inner\"><div id=\"ld_team_member_69d08ff722f9b\" class=\"ld-tm d-flex flex-column text-center ld_team_member_69d08ff722f9b\">\r\n\r\n\t<div class=\"ld-tm-img mb-3 text-center\"><figure><img loading=\"lazy\" decoding=\"async\" width=\"800\" height=\"800\" src=\"data:image\/svg+xml;charset=utf-8,&lt;svg xmlns%3D&#039;http%3A%2F%2Fwww.w3.org%2F2000%2Fsvg&#039; viewBox%3D&#039;0 0 800 800&#039;%2F&gt;\" class=\"circle ld-lazyload\" alt=\"\" srcset=\"\" sizes=\"(max-width: 800px) 100vw, 800px\" data-src=\"https:\/\/vvconsultings.com\/wp-content\/uploads\/2023\/09\/Priscilla-vega-copia.jpg\" data-srcset=\"https:\/\/vvconsultings.com\/wp-content\/uploads\/2023\/09\/Priscilla-vega-copia.jpg 800w, https:\/\/vvconsultings.com\/wp-content\/uploads\/2023\/09\/Priscilla-vega-copia-300x300.jpg 300w, https:\/\/vvconsultings.com\/wp-content\/uploads\/2023\/09\/Priscilla-vega-copia-150x150.jpg 150w, https:\/\/vvconsultings.com\/wp-content\/uploads\/2023\/09\/Priscilla-vega-copia-12x12.jpg 12w\" data-aspect=\"1\" \/><\/figure><\/div>\r\n\t<div class=\"ld-tm-info\">\r\n\r\n\t\t<h3 class=\"ld-tm-name size-sm font-weight-semibold mb-3\">MIF Priscilla Vega Valderrama<\/h3>\t\t<h6 class=\"ld-tm-pos text-uppercase ltr-sp-175 font-weight-bold mb-3 color-primary\">Socia directora<\/h6>\t\t\t\t<ul class=\"ld-tm-social social-icon branded-text mt-3\"><li><a href=\"https:\/\/www.linkedin.com\/in\/priscillavv?lipi=urn%3Ali%3Apage%3Ad_flagship3_profile_view_base_contact_details%3BgUHzjYvDS62o8yazzMwUKA%3D%3D\"><i class=\"fa fa-linkedin\"><\/i><\/a><\/li><\/ul>\r\n\t<\/div><!-- \/.ld-tm-info -->\r\n\r\n<\/div><!-- \/.ld-team-member --><\/div><\/div><\/div><\/div><\/div><\/div><\/section>","protected":false},"excerpt":{"rendered":"Juntos creamos valor V&amp;V. Sobre Nosotros Somos una empresa consultora que tiene como objetivo primordial...","protected":false},"author":5,"featured_media":0,"parent":0,"menu_order":0,"comment_status":"closed","ping_status":"closed","template":"","meta":{"footnotes":"","_joinchat":[]},"yoast_head":"<!-- This site is optimized with the Yoast SEO plugin v23.5 - https:\/\/yoast.com\/wordpress\/plugins\/seo\/ -->\n<title>Nosotros &#187; VV Consulting Group<\/title>\n<meta name=\"description\" content=\"Somos una empresa consultora que tiene como objetivo primordial asesorar a empresas e inversionistas.\" \/>\n<meta name=\"robots\" content=\"index, follow, max-snippet:-1, max-image-preview:large, max-video-preview:-1\" \/>\n<link rel=\"canonical\" href=\"https:\/\/vvconsultings.com\/en\/nosotros\/\" \/>\n<meta property=\"og:locale\" content=\"en_US\" \/>\n<meta property=\"og:type\" content=\"article\" \/>\n<meta property=\"og:title\" content=\"Nosotros &#187; VV Consulting Group\" \/>\n<meta property=\"og:description\" content=\"Somos una empresa consultora que tiene como objetivo primordial asesorar a empresas e inversionistas.\" \/>\n<meta property=\"og:url\" content=\"https:\/\/vvconsultings.com\/en\/nosotros\/\" \/>\n<meta property=\"og:site_name\" content=\"VV Consulting Group\" \/>\n<meta property=\"article:publisher\" content=\"https:\/\/www.facebook.com\/VVConsultings\/\" \/>\n<meta property=\"article:modified_time\" content=\"2023-09-16T00:53:51+00:00\" \/>\n<meta name=\"twitter:card\" content=\"summary_large_image\" \/>\n<meta name=\"twitter:label1\" content=\"Est. reading time\" \/>\n\t<meta name=\"twitter:data1\" content=\"2 minutes\" \/>\n<script type=\"application\/ld+json\" class=\"yoast-schema-graph\">{\"@context\":\"https:\/\/schema.org\",\"@graph\":[{\"@type\":\"WebPage\",\"@id\":\"https:\/\/vvconsultings.com\/nosotros\/\",\"url\":\"https:\/\/vvconsultings.com\/nosotros\/\",\"name\":\"Nosotros &#187; VV Consulting Group\",\"isPartOf\":{\"@id\":\"https:\/\/vvconsultings.com\/#website\"},\"datePublished\":\"2021-08-06T02:53:21+00:00\",\"dateModified\":\"2023-09-16T00:53:51+00:00\",\"description\":\"Somos una empresa consultora que tiene como objetivo primordial asesorar a empresas e inversionistas.\",\"breadcrumb\":{\"@id\":\"https:\/\/vvconsultings.com\/nosotros\/#breadcrumb\"},\"inLanguage\":\"en-US\",\"potentialAction\":[{\"@type\":\"ReadAction\",\"target\":[\"https:\/\/vvconsultings.com\/nosotros\/\"]}]},{\"@type\":\"BreadcrumbList\",\"@id\":\"https:\/\/vvconsultings.com\/nosotros\/#breadcrumb\",\"itemListElement\":[{\"@type\":\"ListItem\",\"position\":1,\"name\":\"Home\",\"item\":\"https:\/\/vvconsultings.com\/\"},{\"@type\":\"ListItem\",\"position\":2,\"name\":\"Nosotros\"}]},{\"@type\":\"WebSite\",\"@id\":\"https:\/\/vvconsultings.com\/#website\",\"url\":\"https:\/\/vvconsultings.com\/\",\"name\":\"VV Consulting Group\",\"description\":\"Servicios de consultor\u00eda y capacitaciones a empresas.\",\"publisher\":{\"@id\":\"https:\/\/vvconsultings.com\/#organization\"},\"potentialAction\":[{\"@type\":\"SearchAction\",\"target\":{\"@type\":\"EntryPoint\",\"urlTemplate\":\"https:\/\/vvconsultings.com\/?s={search_term_string}\"},\"query-input\":{\"@type\":\"PropertyValueSpecification\",\"valueRequired\":true,\"valueName\":\"search_term_string\"}}],\"inLanguage\":\"en-US\"},{\"@type\":\"Organization\",\"@id\":\"https:\/\/vvconsultings.com\/#organization\",\"name\":\"vvconsultings\",\"url\":\"https:\/\/vvconsultings.com\/\",\"logo\":{\"@type\":\"ImageObject\",\"inLanguage\":\"en-US\",\"@id\":\"https:\/\/vvconsultings.com\/#\/schema\/logo\/image\/\",\"url\":\"https:\/\/vvconsultings.com\/wp-content\/uploads\/2021\/04\/logo-170x150-1.png\",\"contentUrl\":\"https:\/\/vvconsultings.com\/wp-content\/uploads\/2021\/04\/logo-170x150-1.png\",\"width\":170,\"height\":150,\"caption\":\"vvconsultings\"},\"image\":{\"@id\":\"https:\/\/vvconsultings.com\/#\/schema\/logo\/image\/\"},\"sameAs\":[\"https:\/\/www.facebook.com\/VVConsultings\/\",\"https:\/\/www.instagram.com\/vvconsultings\/\",\"https:\/\/cr.linkedin.com\/company\/vvconsultings\"]}]}<\/script>\n<!-- \/ Yoast SEO plugin. -->","yoast_head_json":{"title":"Nosotros &#187; VV Consulting Group","description":"Somos una empresa consultora que tiene como objetivo primordial asesorar a empresas e inversionistas.","robots":{"index":"index","follow":"follow","max-snippet":"max-snippet:-1","max-image-preview":"max-image-preview:large","max-video-preview":"max-video-preview:-1"},"canonical":"https:\/\/vvconsultings.com\/en\/nosotros\/","og_locale":"en_US","og_type":"article","og_title":"Nosotros &#187; VV Consulting Group","og_description":"Somos una empresa consultora que tiene como objetivo primordial asesorar a empresas e inversionistas.","og_url":"https:\/\/vvconsultings.com\/en\/nosotros\/","og_site_name":"VV Consulting Group","article_publisher":"https:\/\/www.facebook.com\/VVConsultings\/","article_modified_time":"2023-09-16T00:53:51+00:00","twitter_card":"summary_large_image","twitter_misc":{"Est. reading time":"2 minutes"},"schema":{"@context":"https:\/\/schema.org","@graph":[{"@type":"WebPage","@id":"https:\/\/vvconsultings.com\/nosotros\/","url":"https:\/\/vvconsultings.com\/nosotros\/","name":"Nosotros &#187; VV Consulting Group","isPartOf":{"@id":"https:\/\/vvconsultings.com\/#website"},"datePublished":"2021-08-06T02:53:21+00:00","dateModified":"2023-09-16T00:53:51+00:00","description":"Somos una empresa consultora que tiene como objetivo primordial asesorar a empresas e inversionistas.","breadcrumb":{"@id":"https:\/\/vvconsultings.com\/nosotros\/#breadcrumb"},"inLanguage":"en-US","potentialAction":[{"@type":"ReadAction","target":["https:\/\/vvconsultings.com\/nosotros\/"]}]},{"@type":"BreadcrumbList","@id":"https:\/\/vvconsultings.com\/nosotros\/#breadcrumb","itemListElement":[{"@type":"ListItem","position":1,"name":"Home","item":"https:\/\/vvconsultings.com\/"},{"@type":"ListItem","position":2,"name":"Nosotros"}]},{"@type":"WebSite","@id":"https:\/\/vvconsultings.com\/#website","url":"https:\/\/vvconsultings.com\/","name":"VV Consulting Group","description":"Servicios de consultor\u00eda y capacitaciones a empresas.","publisher":{"@id":"https:\/\/vvconsultings.com\/#organization"},"potentialAction":[{"@type":"SearchAction","target":{"@type":"EntryPoint","urlTemplate":"https:\/\/vvconsultings.com\/?s={search_term_string}"},"query-input":{"@type":"PropertyValueSpecification","valueRequired":true,"valueName":"search_term_string"}}],"inLanguage":"en-US"},{"@type":"Organization","@id":"https:\/\/vvconsultings.com\/#organization","name":"vvconsultings","url":"https:\/\/vvconsultings.com\/","logo":{"@type":"ImageObject","inLanguage":"en-US","@id":"https:\/\/vvconsultings.com\/#\/schema\/logo\/image\/","url":"https:\/\/vvconsultings.com\/wp-content\/uploads\/2021\/04\/logo-170x150-1.png","contentUrl":"https:\/\/vvconsultings.com\/wp-content\/uploads\/2021\/04\/logo-170x150-1.png","width":170,"height":150,"caption":"vvconsultings"},"image":{"@id":"https:\/\/vvconsultings.com\/#\/schema\/logo\/image\/"},"sameAs":["https:\/\/www.facebook.com\/VVConsultings\/","https:\/\/www.instagram.com\/vvconsultings\/","https:\/\/cr.linkedin.com\/company\/vvconsultings"]}]}},"_links":{"self":[{"href":"https:\/\/vvconsultings.com\/en\/wp-json\/wp\/v2\/pages\/4719"}],"collection":[{"href":"https:\/\/vvconsultings.com\/en\/wp-json\/wp\/v2\/pages"}],"about":[{"href":"https:\/\/vvconsultings.com\/en\/wp-json\/wp\/v2\/types\/page"}],"author":[{"embeddable":true,"href":"https:\/\/vvconsultings.com\/en\/wp-json\/wp\/v2\/users\/5"}],"replies":[{"embeddable":true,"href":"https:\/\/vvconsultings.com\/en\/wp-json\/wp\/v2\/comments?post=4719"}],"version-history":[{"count":39,"href":"https:\/\/vvconsultings.com\/en\/wp-json\/wp\/v2\/pages\/4719\/revisions"}],"predecessor-version":[{"id":5053,"href":"https:\/\/vvconsultings.com\/en\/wp-json\/wp\/v2\/pages\/4719\/revisions\/5053"}],"wp:attachment":[{"href":"https:\/\/vvconsultings.com\/en\/wp-json\/wp\/v2\/media?parent=4719"}],"curies":[{"name":"wp","href":"https:\/\/api.w.org\/{rel}","templated":true}]}}